{"id":3689,"date":"2025-05-09T17:43:36","date_gmt":"2025-05-09T17:43:36","guid":{"rendered":"https:\/\/jairolibreros.com\/?page_id=3689"},"modified":"2026-02-23T16:51:20","modified_gmt":"2026-02-23T16:51:20","slug":"bio-2","status":"publish","type":"page","link":"https:\/\/jairolibreros.com\/?page_id=3689","title":{"rendered":"Perfil"},"content":{"rendered":"<p class=\"p1\" style=\"text-align: center;\"><span style=\"font-family: tahoma, arial, helvetica, sans-serif; font-size: 14pt;\"><b>Jairo Libreros<\/b> es un consultor y analista pol\u00edtico con m\u00e1s de veinticinco a\u00f1os de experiencia profesional en inteligencia estrat\u00e9gica, pol\u00edticas p\u00fablicas y comunicaci\u00f3n pol\u00edtica. Estudi\u00f3 derecho, se especializ\u00f3 en pol\u00edtica internacional y es profesor titular de seguridad y defensa nacional de la Universidad Externado de Colombia<\/span><\/p>\n<p class=\"p1\"><span style=\"font-family: tahoma, arial, helvetica, sans-serif; font-size: 14pt;\"><strong>Desde 1997, soy docente e investigador del Externado<\/strong>\u00a0en las escuelas de Gobierno y de Relaciones Internacionales, as\u00ed como en los departamentos de Derecho Econ\u00f3mico, Derecho Administrativo y Derecho Constitucional. Algunas de mis clases en pregrado y posgrado son las siguientes:<\/span><\/p>\n<p class=\"p1\"><span style=\"text-decoration: underline; font-family: tahoma, arial, helvetica, sans-serif; font-size: 14pt;\"><a href=\"https:\/\/jairolibreros.com\/?p=4227\">Sistema de pol\u00edticas p\u00fablicas en seguridad y defensa nacional<\/a><\/span><\/p>\n<p class=\"p1\"><em><span style=\"font-family: tahoma, arial, helvetica, sans-serif; font-size: 14pt;\">Estrategias de seguridad y defensa nacional: taller de dise\u00f1o de pol\u00edticas p\u00fablicas<\/span><\/em><\/p>\n<p><em><span style=\"font-size: 14pt; font-family: tahoma, arial, helvetica, sans-serif;\">Inteligencia estrat\u00e9gica: taller de an\u00e1lisis de pol\u00edtica p\u00fablica<\/span><\/em><\/p>\n<p><span style=\"font-family: tahoma, arial, helvetica, sans-serif; font-size: 14pt;\"><a style=\"color: #000000;\" href=\"https:\/\/jairolibreros.com\/?p=2583\"><span style=\"text-decoration-line: underline;\">Seguridad ciudadana en aglomeraciones de p\u00fablico<\/span><\/a><\/span><\/p>\n<p><span style=\"font-family: tahoma, arial, helvetica, sans-serif; font-size: 14pt;\"><a href=\"https:\/\/jairolibreros.com\/?p=4898\"><span style=\"text-decoration: underline;\">Seguridad y Defensa Nacional<\/span><\/a><\/span><\/p>\n<p><span style=\"font-family: tahoma, arial, helvetica, sans-serif; font-size: 14pt;\"><a style=\"color: #000000;\" href=\"https:\/\/jairolibreros.com\/?p=2615\"><span style=\"text-decoration-line: underline;\">Contexto global de la seguridad<\/span><\/a><\/span><\/p>\n<p><span style=\"font-family: tahoma, arial, helvetica, sans-serif; font-size: 14pt;\"><a href=\"https:\/\/jairolibreros.com\/?p=298\"><span style=\"text-decoration: underline;\">Seguridad y Defensa Nacional<\/span><\/a><\/span><\/p>\n<p><span style=\"font-family: tahoma, arial, helvetica, sans-serif; font-size: 14pt;\"><a title=\"Pol\u00edtica Latinoamericana\" href=\"https:\/\/jairolibreros.com\/?p=994\"><span style=\"text-decoration: underline;\">Pol\u00edtica Latinoamericana<\/span><\/a><\/span><\/p>\n<p><span style=\"font-family: tahoma, arial, helvetica, sans-serif; font-size: 14pt;\"><strong>El blog es un espacio de an\u00e1lisis de pol\u00edticas p\u00fablicas<\/strong>, una bit\u00e1cora de mis actividades acad\u00e9micas y un registro de las iniciativas que lidero como consultor y analista pol\u00edtico en medios de comunicaci\u00f3n, movimientos pol\u00edticos, procesos electorales y gobiernos municipales, distritales y departamentales.<\/span><\/p>\n<p class=\"p1\"><span class=\"s1\" style=\"font-family: tahoma, arial, helvetica, sans-serif; font-size: 14pt;\">Por \u00faltimo, un par de preguntas: \u00bfc\u00f3mo eval\u00faa la gobernabilidad de la Casa de Nari\u00f1o? \u00bfCu\u00e1l es su estrategia de campa\u00f1a electoral? Y otra de cierre, \u00bfsobrelleva una crisis de seguridad?<\/span><\/p>\n<p class=\"p1\"><span style=\"font-family: tahoma, arial, helvetica, sans-serif; font-size: 14pt;\">Hablemos\u2026<\/span><\/p>\n<p style=\"text-align: left;\"><span style=\"font-family: tahoma, arial, helvetica, sans-serif; font-size: 14pt;\"><strong>Contacto<\/strong><\/span><\/p>\n<p><span style=\"font-family: tahoma, arial, helvetica, sans-serif; font-size: 14pt;\"><div class=\"wpforms-container wpforms-container-full\" id=\"wpforms-89\"><form id=\"wpforms-form-89\" class=\"wpforms-validate wpforms-form\" data-formid=\"89\" method=\"post\" enctype=\"multipart\/form-data\" action=\"\/index.php?rest_route=%2Fwp%2Fv2%2Fpages%2F3689\" data-token=\"c9b38fbe16a8ef67a6531b2a757553a6\" data-token-time=\"1777376553\"><div class=\"wpforms-head-container\"><\/div><noscript class=\"wpforms-error-noscript\">Please enable JavaScript in your browser to complete this form.<\/noscript><div class=\"wpforms-field-container\"><div id=\"wpforms-89-field_0-container\" class=\"wpforms-field wpforms-field-name\" data-field-id=\"0\"><label class=\"wpforms-field-label\" for=\"wpforms-89-field_0\">Nombre <span class=\"wpforms-required-label\">*<\/span><\/label><div class=\"wpforms-field-row wpforms-field-medium\"><div class=\"wpforms-field-row-block wpforms-first wpforms-one-half\"><input type=\"text\" id=\"wpforms-89-field_0\" class=\"wpforms-field-name-first wpforms-field-required\" name=\"wpforms[fields][0][first]\" required><label for=\"wpforms-89-field_0\" class=\"wpforms-field-sublabel after\">First<\/label><\/div><div class=\"wpforms-field-row-block wpforms-one-half\"><input type=\"text\" id=\"wpforms-89-field_0-last\" class=\"wpforms-field-name-last wpforms-field-required\" name=\"wpforms[fields][0][last]\" required><label for=\"wpforms-89-field_0-last\" class=\"wpforms-field-sublabel after\">Last<\/label><\/div><\/div><\/div><div id=\"wpforms-89-field_1-container\" class=\"wpforms-field wpforms-field-email\" data-field-id=\"1\"><label class=\"wpforms-field-label\" for=\"wpforms-89-field_1\">Correo electr\u00f3nico <span class=\"wpforms-required-label\">*<\/span><\/label><input type=\"email\" id=\"wpforms-89-field_1\" class=\"wpforms-field-medium wpforms-field-required\" name=\"wpforms[fields][1]\" spellcheck=\"false\" required><\/div><div id=\"wpforms-89-field_2-container\" class=\"wpforms-field wpforms-field-textarea\" data-field-id=\"2\"><label class=\"wpforms-field-label\" for=\"wpforms-89-field_2\">Comentario o mensaje <span class=\"wpforms-required-label\">*<\/span><\/label><textarea id=\"wpforms-89-field_2\" class=\"wpforms-field-medium wpforms-field-required\" name=\"wpforms[fields][2]\" required><\/textarea><\/div><\/div><!-- .wpforms-field-container --><div class=\"wpforms-submit-container\" ><input type=\"hidden\" name=\"wpforms[id]\" value=\"89\"><input type=\"hidden\" name=\"page_title\" value=\"\"><input type=\"hidden\" name=\"page_url\" value=\"https:\/\/jairolibreros.com\/index.php?rest_route=%2Fwp%2Fv2%2Fpages%2F3689\"><button type=\"submit\" name=\"wpforms[submit]\" id=\"wpforms-submit-89\" class=\"wpforms-submit\" data-alt-text=\"Enviando...\" data-submit-text=\"Enviar\" aria-live=\"assertive\" value=\"wpforms-submit\">Enviar<\/button><\/div><\/form><\/div>  <!-- .wpforms-container --><\/span><\/p>\n<p style=\"text-align: right;\"><span style=\"font-family: tahoma, arial, helvetica, sans-serif; font-size: 14pt;\"><a href=\"https:\/\/jairolibreros.com\/\"><strong><span style=\"text-decoration: underline;\">Blog de Jairo Libreros<\/span><\/strong><\/a><\/span><\/p>\n","protected":false},"excerpt":{"rendered":"<p>Jairo Libreros es un consultor y analista pol\u00edtico con m\u00e1s de veinticinco a\u00f1os de experiencia profesional en inteligencia estrat\u00e9gica, pol\u00edticas p\u00fablicas y comunicaci\u00f3n <\/p>\n","protected":false},"author":1,"featured_media":425,"parent":0,"menu_order":1,"comment_status":"closed","ping_status":"closed","template":"","meta":{"om_disable_all_campaigns":false,"_monsterinsights_skip_tracking":false,"_monsterinsights_sitenote_active":false,"_monsterinsights_sitenote_note":"","_monsterinsights_sitenote_category":0,"footnotes":""},"aioseo_notices":[],"class_list":["post-3689","page","type-page","status-publish","has-post-thumbnail","hentry"],"_links":{"self":[{"href":"https:\/\/jairolibreros.com\/index.php?rest_route=\/wp\/v2\/pages\/3689"}],"collection":[{"href":"https:\/\/jairolibreros.com\/index.php?rest_route=\/wp\/v2\/pages"}],"about":[{"href":"https:\/\/jairolibreros.com\/index.php?rest_route=\/wp\/v2\/types\/page"}],"author":[{"embeddable":true,"href":"https:\/\/jairolibreros.com\/index.php?rest_route=\/wp\/v2\/users\/1"}],"replies":[{"embeddable":true,"href":"https:\/\/jairolibreros.com\/index.php?rest_route=%2Fwp%2Fv2%2Fcomments&post=3689"}],"version-history":[{"count":114,"href":"https:\/\/jairolibreros.com\/index.php?rest_route=\/wp\/v2\/pages\/3689\/revisions"}],"predecessor-version":[{"id":4908,"href":"https:\/\/jairolibreros.com\/index.php?rest_route=\/wp\/v2\/pages\/3689\/revisions\/4908"}],"wp:featuredmedia":[{"embeddable":true,"href":"https:\/\/jairolibreros.com\/index.php?rest_route=\/wp\/v2\/media\/425"}],"wp:attachment":[{"href":"https:\/\/jairolibreros.com\/index.php?rest_route=%2Fwp%2Fv2%2Fmedia&parent=3689"}],"curies":[{"name":"wp","href":"https:\/\/api.w.org\/{rel}","templated":true}]}}